{"id":173,"date":"2020-09-25T19:45:17","date_gmt":"2020-09-25T17:45:17","guid":{"rendered":"http:\/\/luis-feder.de\/?page_id=173"},"modified":"2020-12-11T21:57:54","modified_gmt":"2020-12-11T20:57:54","slug":"evolution-die-naechste-stufe","status":"publish","type":"page","link":"https:\/\/luis-feder.de\/en\/evolution-die-naechste-stufe\/","title":{"rendered":"Evolution &#8211; Die n\u00e4chste Stufe"},"content":{"rendered":"<p><strong>Evolution &#8211; Die n\u00e4chste Stufe<\/strong><\/p>\n<p>Wir halten uns f\u00fcr die Kr\u00f6nung der Sch\u00f6pfung!<br \/>\nDoch auf einmal ist sie da. Nina Ackermann, ein neuartiger Mensch. K\u00f6rperlich ist sie ganz zierlich, doch hat sie F\u00e4higkeiten, die unsere Welt ver\u00e4ndern werden. Nichts wird mehr wie gewohnt sein. Als aber auch noch immer mehr der Neuzeitmenschen auf die Welt kommen, wird es unruhig. Begleiten Sie Nina durch ihr steiniges Leben und erfahren Sie, wie die Zukunft der Menschheit aussehen wird.<\/p>\n<p>Seitenanzahl: 184<br \/>\nFORMAT\u00a0\u00a0\u00a0\u00a0\u00a0\u00a0\u00a0\u00a0\u00a0\u00a0\u00a0 ISBN<br \/>\nHardcover\u00a0\u00a0\u00a0\u00a0\u00a0\u00a0\u00a0\u00a0 978-3-7519-5929-2<br \/>\nTaschenbuch\u00a0 978-3-7519-9643-3<br \/>\nE-Book\u00a0\u00a0\u00a0\u00a0\u00a0\u00a0\u00a0\u00a0\u00a0\u00a0\u00a0\u00a0\u00a0\u00a0 978-3-7526-9499-4<br \/>\nErscheinungsdatum: 23.09.2020<\/p>\n<p><strong>Buchtrailer<\/strong><br \/>\n<iframe src=\"https:\/\/www.youtube.com\/embed\/yb7A0T8T_Qs\" width=\"560\" height=\"315\" frameborder=\"0\" allowfullscreen=\"allowfullscreen\"><\/iframe><br \/>\n______________________________________________________________<\/p>\n<p><span class=\"style-scope yt-formatted-string\" dir=\"auto\">Eingesprochen von Luis Feder <\/span><\/p>\n<p><span class=\"style-scope yt-formatted-string\" dir=\"auto\">Special Thanks: Footage Pixabay: Video von mike lacoste \/ PixabayVideo von Oleg Gamulinskiy \/ PixabayVideo von Engin Akyurt \/ PixabayVideo von Seb Agora \/ PixabayVideo von Vimeo-Free-Videos \/ PixabayVideo von Caelan Kelley \/ PixabayVideo von NewHumanDesigns \/ PixabayVideo von rrosadas \/ PixabayVideo von Lorendiz Gonzalez \/ PixabayVideo von Welcome to all and thank you for your visit ! \u30c4 \/ PixabayVideo von KaGaks Sidibe \/ PixabayVideo von Tomislav Jakupec \/ PixabayVideo von Joey Velasquez \/ PixabayVideo von Muhammad Sadeeq \/ PixabayVideo von carlos wilbert hilario \/ PixabayVideo von bruce lam \/ Pixabay <\/span><\/p>\n<p><span class=\"style-scope yt-formatted-string\" dir=\"auto\">B\u00fccher im Handel u. a. bestellbar bei: B.o.D Amazon Hugendubel Apple-Books Google-Play Books etc.<\/span><\/p>\n","protected":false},"excerpt":{"rendered":"<p>Evolution &#8211; Die n\u00e4chste Stufe Wir halten uns f\u00fcr die Kr\u00f6nung der Sch\u00f6pfung! Doch auf einmal ist sie da. Nina Ackermann, ein neuartiger Mensch. K\u00f6rperlich ist sie ganz zierlich, doch hat sie F\u00e4higkeiten, die unsere Welt ver\u00e4ndern werden. Nichts wird mehr wie gewohnt sein. Als aber auch noch immer mehr der Neuzeitmenschen auf die Welt &hellip; <\/p>\n<p class=\"link-more\"><a href=\"https:\/\/luis-feder.de\/en\/evolution-die-naechste-stufe\/\" class=\"more-link\">Continue reading<span class=\"screen-reader-text\"> &#8220;Evolution &#8211; Die n\u00e4chste Stufe&#8221;<\/span><\/a><\/p>\n","protected":false},"author":1,"featured_media":166,"parent":0,"menu_order":0,"comment_status":"closed","ping_status":"closed","template":"","meta":{"footnotes":""},"class_list":["post-173","page","type-page","status-publish","has-post-thumbnail","hentry"],"_links":{"self":[{"href":"https:\/\/luis-feder.de\/en\/wp-json\/wp\/v2\/pages\/173","targetHints":{"allow":["GET"]}}],"collection":[{"href":"https:\/\/luis-feder.de\/en\/wp-json\/wp\/v2\/pages"}],"about":[{"href":"https:\/\/luis-feder.de\/en\/wp-json\/wp\/v2\/types\/page"}],"author":[{"embeddable":true,"href":"https:\/\/luis-feder.de\/en\/wp-json\/wp\/v2\/users\/1"}],"replies":[{"embeddable":true,"href":"https:\/\/luis-feder.de\/en\/wp-json\/wp\/v2\/comments?post=173"}],"version-history":[{"count":6,"href":"https:\/\/luis-feder.de\/en\/wp-json\/wp\/v2\/pages\/173\/revisions"}],"predecessor-version":[{"id":185,"href":"https:\/\/luis-feder.de\/en\/wp-json\/wp\/v2\/pages\/173\/revisions\/185"}],"wp:featuredmedia":[{"embeddable":true,"href":"https:\/\/luis-feder.de\/en\/wp-json\/wp\/v2\/media\/166"}],"wp:attachment":[{"href":"https:\/\/luis-feder.de\/en\/wp-json\/wp\/v2\/media?parent=173"}],"curies":[{"name":"wp","href":"https:\/\/api.w.org\/{rel}","templated":true}]}}