{"id":199,"date":"2024-03-09T08:55:32","date_gmt":"2024-03-09T07:55:32","guid":{"rendered":"https:\/\/luis-feder.de\/?page_id=199"},"modified":"2024-03-14T07:52:35","modified_gmt":"2024-03-14T06:52:35","slug":"buecher-fuer-kids","status":"publish","type":"page","link":"https:\/\/luis-feder.de\/en\/buecher-fuer-kids\/","title":{"rendered":"B\u00fccher f\u00fcr Kids"},"content":{"rendered":"<p>Luis Feder<strong><br \/>\nTiere von A bis Z<\/strong><br \/>\nLerne das Alphabet<\/p>\n<figure id=\"attachment_203\" style=\"width: 275px\"  class=\"wp-caption alignnone\"><img fetchpriority=\"high\" decoding=\"async\" class=\"size-medium wp-image-203\" src=\"http:\/\/luis-feder.de\/wp-content\/uploads\/2024\/03\/cover-275x300.jpg\" alt=\"Luis Feder Tiere von A bis Z Lerne das Alphabet\" width=\"275\" height=\"300\" srcset=\"https:\/\/luis-feder.de\/wp-content\/uploads\/2024\/03\/cover-275x300.jpg 275w, https:\/\/luis-feder.de\/wp-content\/uploads\/2024\/03\/cover-768x838.jpg 768w, https:\/\/luis-feder.de\/wp-content\/uploads\/2024\/03\/cover.jpg 800w\" sizes=\"(max-width: 275px) 100vw, 275px\" \/><figcaption class=\"wp-caption-text\">Luis Feder Tiere von A bis Z<br \/>Lerne das Alphabet<\/figcaption><\/figure>\n<p>In &#8220;Tiere von A bis Z&#8221; werden Kinder auf eine abenteuerliche Reise durch die Tierwelt mitgenommen. Jede Seite des Bilderbuchs pr\u00e4sentiert ein neues Tier, beginnend mit einem anderen Buchstaben des Alphabets &#8211; von der flei\u00dfigen Ameise bis zum majest\u00e4tischen Zebra. Die farbenfrohen Illustrationen und die lebendigen Beschreibungen machen das Alphabet lernen zu einem spannenden und unterhaltsamen Erlebnis. &#8220;Tiere von A bis Z&#8221; ist ein liebevoll gestaltetes Bilderbuch, das nicht nur die Phantasie der jungen Leserinnen und Leser befl\u00fcgelt, sondern auch ihre sprachlichen F\u00e4higkeiten f\u00f6rdert.<\/p>\n<header class=\"page-header\"><\/header>\n<div id=\"primary\" class=\"content-area\">\n<p>&nbsp;<\/p>\n<article id=\"post-109\" class=\"post-109 post type-post status-publish format-standard hentry category-allgemein\">\n<div class=\"entry-content\">\n<p>Mehr Informationen &amp; Buchtrailer ansehen<br \/>\n(in K\u00fcrze verf\u00fcgbar)<\/p>\n<p>Seitenanzahl: 32<\/p>\n<table class=\"vuetable table table-striped table-bodblue-light-30 bg-white data-table-responsive mb-0\" width=\"579\">\n<tbody>\n<tr class=\"\">\n<td class=\"vuetable-td-title\" data-title=\"Titel\"><\/td>\n<td class=\"vuetable-td-authors\" data-title=\"Autor*in\"><\/td>\n<td class=\"vuetable-td-type\" data-title=\"Medium\"><span class=\"text-nowrap\"><span class=\"text-nowrap\">FORMAT<br \/>\nBuch<\/span><\/span>E-Book<\/td>\n<td class=\"vuetable-td-isbn\" data-title=\"ISBN\">ISBN-NUMMER<br \/>\n978-3-7583-8217-8978-3-7597-3845-5<\/td>\n<td class=\"vuetable-td-bod_nr\" data-title=\"BoD-Nr.\"><\/td>\n<td class=\"vuetable-td-release_date\" data-title=\"Ver\u00f6ffentlicht\">ERSCHIENEN<br \/>\n<span class=\"text-nowrap\"><span class=\"text-nowrap\">13.03.2024<\/span><\/span><\/td>\n<\/tr>\n<\/tbody>\n<\/table>\n<\/div>\n<\/article>\n<p>&nbsp;<\/p>\n<\/div>\n","protected":false},"excerpt":{"rendered":"<p>Luis Feder Tiere von A bis Z Lerne das Alphabet In &#8220;Tiere von A bis Z&#8221; werden Kinder auf eine abenteuerliche Reise durch die Tierwelt mitgenommen. Jede Seite des Bilderbuchs pr\u00e4sentiert ein neues Tier, beginnend mit einem anderen Buchstaben des Alphabets &#8211; von der flei\u00dfigen Ameise bis zum majest\u00e4tischen Zebra. Die farbenfrohen Illustrationen und die &hellip; <\/p>\n<p class=\"link-more\"><a href=\"https:\/\/luis-feder.de\/en\/buecher-fuer-kids\/\" class=\"more-link\">Continue reading<span class=\"screen-reader-text\"> &#8220;B\u00fccher f\u00fcr Kids&#8221;<\/span><\/a><\/p>\n","protected":false},"author":1,"featured_media":0,"parent":0,"menu_order":0,"comment_status":"closed","ping_status":"closed","template":"","meta":{"footnotes":""},"class_list":["post-199","page","type-page","status-publish","hentry"],"_links":{"self":[{"href":"https:\/\/luis-feder.de\/en\/wp-json\/wp\/v2\/pages\/199","targetHints":{"allow":["GET"]}}],"collection":[{"href":"https:\/\/luis-feder.de\/en\/wp-json\/wp\/v2\/pages"}],"about":[{"href":"https:\/\/luis-feder.de\/en\/wp-json\/wp\/v2\/types\/page"}],"author":[{"embeddable":true,"href":"https:\/\/luis-feder.de\/en\/wp-json\/wp\/v2\/users\/1"}],"replies":[{"embeddable":true,"href":"https:\/\/luis-feder.de\/en\/wp-json\/wp\/v2\/comments?post=199"}],"version-history":[{"count":7,"href":"https:\/\/luis-feder.de\/en\/wp-json\/wp\/v2\/pages\/199\/revisions"}],"predecessor-version":[{"id":208,"href":"https:\/\/luis-feder.de\/en\/wp-json\/wp\/v2\/pages\/199\/revisions\/208"}],"wp:attachment":[{"href":"https:\/\/luis-feder.de\/en\/wp-json\/wp\/v2\/media?parent=199"}],"curies":[{"name":"wp","href":"https:\/\/api.w.org\/{rel}","templated":true}]}}