{"id":12,"date":"2019-07-26T23:04:24","date_gmt":"2019-07-26T21:04:24","guid":{"rendered":"http:\/\/luis-feder.de\/?page_id=12"},"modified":"2024-11-29T08:37:24","modified_gmt":"2024-11-29T07:37:24","slug":"ein-startseiten-abschnitt","status":"publish","type":"page","link":"https:\/\/luis-feder.de\/es\/ein-startseiten-abschnitt\/","title":{"rendered":"Descubre, Vive y Con\u00e9ctate \u2013 Tu viaje comienza aqu\u00ed!"},"content":{"rendered":"<div class=\"flex max-w-full flex-col flex-grow\">\n<div class=\"min-h-8 text-message flex w-full flex-col items-end gap-2 whitespace-normal break-words [.text-message+&#038;]:mt-5\" dir=\"auto\" data-message-author-role=\"assistant\" data-message-id=\"30aa6116-9b9a-4c42-bb76-77bfcfe9e811\" data-message-model-slug=\"gpt-4o\">\n<div class=\"flex w-full flex-col gap-1 empty:hidden first:pt-[3px]\">\n<div class=\"markdown prose w-full break-words dark:prose-invert dark\">\n<p>Adem\u00e1s de elegir el libro de fantas\u00eda perfecto para ti, hay mucho m\u00e1s por explorar: Sum\u00e9rgete en emocionantes tr\u00e1ilers de libros que te dar\u00e1n un adelanto de los mundos m\u00e1gicos de mis novelas.<\/p>\n<p>\u00bfTienes preguntas, comentarios o quieres ponerte en contacto conmigo? \u00a1Estar\u00e9 encantado de escucharte!<\/p>\n<p><strong>Vive la fantas\u00eda de cerca: desde la primera p\u00e1gina hasta una conexi\u00f3n personal.<\/strong><\/p>\n<\/div>\n<\/div>\n<\/div>\n<\/div>\n","protected":false},"excerpt":{"rendered":"<p>Adem\u00e1s de elegir el libro de fantas\u00eda perfecto para ti, hay mucho m\u00e1s por explorar: Sum\u00e9rgete en emocionantes tr\u00e1ilers de libros que te dar\u00e1n un adelanto de los mundos m\u00e1gicos de mis novelas. \u00bfTienes preguntas, comentarios o quieres ponerte en contacto conmigo? \u00a1Estar\u00e9 encantado de escucharte! Vive la fantas\u00eda de cerca: desde la primera p\u00e1gina &hellip; <\/p>\n<p class=\"link-more\"><a href=\"https:\/\/luis-feder.de\/es\/ein-startseiten-abschnitt\/\" class=\"more-link\">Continuar leyendo<span class=\"screen-reader-text\"> \u00abDescubre, Vive y Con\u00e9ctate \u2013 Tu viaje comienza aqu\u00ed!\u00bb<\/span><\/a><\/p>\n","protected":false},"author":1,"featured_media":86,"parent":0,"menu_order":0,"comment_status":"closed","ping_status":"closed","template":"","meta":{"footnotes":""},"class_list":["post-12","page","type-page","status-publish","has-post-thumbnail","hentry"],"_links":{"self":[{"href":"https:\/\/luis-feder.de\/es\/wp-json\/wp\/v2\/pages\/12","targetHints":{"allow":["GET"]}}],"collection":[{"href":"https:\/\/luis-feder.de\/es\/wp-json\/wp\/v2\/pages"}],"about":[{"href":"https:\/\/luis-feder.de\/es\/wp-json\/wp\/v2\/types\/page"}],"author":[{"embeddable":true,"href":"https:\/\/luis-feder.de\/es\/wp-json\/wp\/v2\/users\/1"}],"replies":[{"embeddable":true,"href":"https:\/\/luis-feder.de\/es\/wp-json\/wp\/v2\/comments?post=12"}],"version-history":[{"count":8,"href":"https:\/\/luis-feder.de\/es\/wp-json\/wp\/v2\/pages\/12\/revisions"}],"predecessor-version":[{"id":240,"href":"https:\/\/luis-feder.de\/es\/wp-json\/wp\/v2\/pages\/12\/revisions\/240"}],"wp:featuredmedia":[{"embeddable":true,"href":"https:\/\/luis-feder.de\/es\/wp-json\/wp\/v2\/media\/86"}],"wp:attachment":[{"href":"https:\/\/luis-feder.de\/es\/wp-json\/wp\/v2\/media?parent=12"}],"curies":[{"name":"wp","href":"https:\/\/api.w.org\/{rel}","templated":true}]}}