{"id":153,"date":"2019-11-23T20:46:47","date_gmt":"2019-11-23T19:46:47","guid":{"rendered":"http:\/\/luis-feder.de\/?page_id=153"},"modified":"2024-12-05T17:20:08","modified_gmt":"2024-12-05T16:20:08","slug":"die-habitate-von-allcon","status":"publish","type":"page","link":"https:\/\/luis-feder.de\/es\/die-habitate-von-allcon\/","title":{"rendered":"Die Habitate von Allcon"},"content":{"rendered":"<p><strong>Die Habitate von Allcon<\/strong><\/p>\n<p>Lennart ein ganz \u201enormaler\u201c 33-J\u00e4hriger Mann, der eigentlich ein ganz \u00fcberschaubares Leben f\u00fchrt, ger\u00e4t eines Tages, durch eine Autopanne und weiteren Verstrickungen von Zuf\u00e4llen, in einen alten unentdeckten Nazibunker der Anlage des Fort Hahnebergs in Staaken bei Berlin. Dort findet er eine Maschine vor, die ihn ungewollt nach Allcon, in eine 40 Lichtjahre entfernte Zivilisation katapultiert. Die lebensfeindliche Umgebung macht Lennart die R\u00fcckkehr, trotz vieler kreativer Versuche, praktisch unm\u00f6glich. Lennarts Leben ver\u00e4ndert sich schlagartig. Doch dann lernt er Zafina kennen, eine Allconerin, an die er sein Herz verliert. Wird sie seine Liebe erwidern? Wird er es schaffen zur\u00fcckzukehren? Begleiten Sie Lennart auf dieses Abenteuer!<\/p>\n<p>Format: 12 x 19 cm<br \/>\nSeitenanzahl: 218<br \/>\nBuch\u00a0\u00a0\u00a0 ISBN: 978-3-7583-0789-8<br \/>\nEbook ISBN 978-3-7583-4580-7<br \/>\n2,Auflage<\/p>\n<p>Erscheinungsdatum: 07.10.2019<\/p>\n<p><strong>Buchtrailer<\/strong><br \/>\n<iframe src=\"https:\/\/www.youtube.com\/embed\/kqzXlxna9e8\" width=\"560\" height=\"315\" frameborder=\"0\" allowfullscreen=\"allowfullscreen\"><\/iframe><br \/>\n____________________________________________________________________<br \/>\nSpecial Thanks to:<br \/>\nSprecherin: Diana Oestreich<br \/>\nText: Chris H.<br \/>\nMusik:&#8217;Let Me Be The One&#8217; by the artist \u00abMike Mineo.\u00bb<br \/>\n(https:\/\/www.youtube.com\/watch?v=5MmB-0UY5rA)<\/p>\n","protected":false},"excerpt":{"rendered":"<p>Die Habitate von Allcon Lennart ein ganz \u201enormaler\u201c 33-J\u00e4hriger Mann, der eigentlich ein ganz \u00fcberschaubares Leben f\u00fchrt, ger\u00e4t eines Tages, durch eine Autopanne und weiteren Verstrickungen von Zuf\u00e4llen, in einen alten unentdeckten Nazibunker der Anlage des Fort Hahnebergs in Staaken bei Berlin. Dort findet er eine Maschine vor, die ihn ungewollt nach Allcon, in eine &hellip; <\/p>\n<p class=\"link-more\"><a href=\"https:\/\/luis-feder.de\/es\/die-habitate-von-allcon\/\" class=\"more-link\">Continuar leyendo<span class=\"screen-reader-text\"> \u00abDie Habitate von Allcon\u00bb<\/span><\/a><\/p>\n","protected":false},"author":1,"featured_media":187,"parent":0,"menu_order":0,"comment_status":"closed","ping_status":"closed","template":"","meta":{"footnotes":""},"class_list":["post-153","page","type-page","status-publish","has-post-thumbnail","hentry"],"_links":{"self":[{"href":"https:\/\/luis-feder.de\/es\/wp-json\/wp\/v2\/pages\/153","targetHints":{"allow":["GET"]}}],"collection":[{"href":"https:\/\/luis-feder.de\/es\/wp-json\/wp\/v2\/pages"}],"about":[{"href":"https:\/\/luis-feder.de\/es\/wp-json\/wp\/v2\/types\/page"}],"author":[{"embeddable":true,"href":"https:\/\/luis-feder.de\/es\/wp-json\/wp\/v2\/users\/1"}],"replies":[{"embeddable":true,"href":"https:\/\/luis-feder.de\/es\/wp-json\/wp\/v2\/comments?post=153"}],"version-history":[{"count":11,"href":"https:\/\/luis-feder.de\/es\/wp-json\/wp\/v2\/pages\/153\/revisions"}],"predecessor-version":[{"id":254,"href":"https:\/\/luis-feder.de\/es\/wp-json\/wp\/v2\/pages\/153\/revisions\/254"}],"wp:featuredmedia":[{"embeddable":true,"href":"https:\/\/luis-feder.de\/es\/wp-json\/wp\/v2\/media\/187"}],"wp:attachment":[{"href":"https:\/\/luis-feder.de\/es\/wp-json\/wp\/v2\/media?parent=153"}],"curies":[{"name":"wp","href":"https:\/\/api.w.org\/{rel}","templated":true}]}}