{"id":8,"date":"2019-07-26T23:04:24","date_gmt":"2019-07-26T21:04:24","guid":{"rendered":"http:\/\/luis-feder.de\/?page_id=8"},"modified":"2024-12-06T07:52:29","modified_gmt":"2024-12-06T06:52:29","slug":"startseite","status":"publish","type":"page","link":"https:\/\/luis-feder.de\/es\/","title":{"rendered":"Bienvenido al Mundo de la Fantas\u00eda \u2013 \u00a1Sum\u00e9rgete!"},"content":{"rendered":"<p>\u00a1Estoy encantado de que hayas llegado a mi p\u00e1gina web de autor! Si te apasiona adentrarte en mundos m\u00e1gicos llenos de aventuras, personajes misteriosos e historias inolvidables, est\u00e1s en el lugar indicado.<\/p>\n<p>Descubre emocionantes novelas de fantas\u00eda, insp\u00edrate y sigue el llamado de la aventura. Explora el men\u00fa para encontrar contenido exclusivo, noticias y mucho m\u00e1s.<\/p>\n<p><strong>\u00a1Tu viaje a nuevos mundos comienza aqu\u00ed!<\/strong><\/p>\n","protected":false},"excerpt":{"rendered":"<p>\u00a1Estoy encantado de que hayas llegado a mi p\u00e1gina web de autor! Si te apasiona adentrarte en mundos m\u00e1gicos llenos de aventuras, personajes misteriosos e historias inolvidables, est\u00e1s en el lugar indicado. Descubre emocionantes novelas de fantas\u00eda, insp\u00edrate y sigue el llamado de la aventura. Explora el men\u00fa para encontrar contenido exclusivo, noticias y mucho &hellip; <\/p>\n<p class=\"link-more\"><a href=\"https:\/\/luis-feder.de\/es\/\" class=\"more-link\">Continuar leyendo<span class=\"screen-reader-text\"> \u00abBienvenido al Mundo de la Fantas\u00eda \u2013 \u00a1Sum\u00e9rgete!\u00bb<\/span><\/a><\/p>\n","protected":false},"author":1,"featured_media":0,"parent":0,"menu_order":0,"comment_status":"closed","ping_status":"closed","template":"","meta":{"footnotes":""},"class_list":["post-8","page","type-page","status-publish","hentry"],"_links":{"self":[{"href":"https:\/\/luis-feder.de\/es\/wp-json\/wp\/v2\/pages\/8","targetHints":{"allow":["GET"]}}],"collection":[{"href":"https:\/\/luis-feder.de\/es\/wp-json\/wp\/v2\/pages"}],"about":[{"href":"https:\/\/luis-feder.de\/es\/wp-json\/wp\/v2\/types\/page"}],"author":[{"embeddable":true,"href":"https:\/\/luis-feder.de\/es\/wp-json\/wp\/v2\/users\/1"}],"replies":[{"embeddable":true,"href":"https:\/\/luis-feder.de\/es\/wp-json\/wp\/v2\/comments?post=8"}],"version-history":[{"count":11,"href":"https:\/\/luis-feder.de\/es\/wp-json\/wp\/v2\/pages\/8\/revisions"}],"predecessor-version":[{"id":294,"href":"https:\/\/luis-feder.de\/es\/wp-json\/wp\/v2\/pages\/8\/revisions\/294"}],"wp:attachment":[{"href":"https:\/\/luis-feder.de\/es\/wp-json\/wp\/v2\/media?parent=8"}],"curies":[{"name":"wp","href":"https:\/\/api.w.org\/{rel}","templated":true}]}}