{"id":9,"date":"2019-07-26T23:04:24","date_gmt":"2019-07-26T21:04:24","guid":{"rendered":"http:\/\/luis-feder.de\/?page_id=9"},"modified":"2024-12-05T17:25:42","modified_gmt":"2024-12-05T16:25:42","slug":"ueber-mich","status":"publish","type":"page","link":"https:\/\/luis-feder.de\/es\/ueber-mich\/","title":{"rendered":"\u00dcber mich"},"content":{"rendered":"<p><img fetchpriority=\"high\" decoding=\"async\" class=\"alignnone size-medium wp-image-87\" src=\"http:\/\/luis-feder.de\/wp-content\/uploads\/2019\/10\/Luis-Feder-300x200.jpg\" alt=\"\" width=\"300\" height=\"200\" srcset=\"https:\/\/luis-feder.de\/wp-content\/uploads\/2019\/10\/Luis-Feder-300x200.jpg 300w, https:\/\/luis-feder.de\/wp-content\/uploads\/2019\/10\/Luis-Feder-768x512.jpg 768w, https:\/\/luis-feder.de\/wp-content\/uploads\/2019\/10\/Luis-Feder-1024x682.jpg 1024w, https:\/\/luis-feder.de\/wp-content\/uploads\/2019\/10\/Luis-Feder.jpg 1600w\" sizes=\"(max-width: 300px) 100vw, 300px\" \/><br \/>\n<strong>Luis Feder <\/strong>Autor<\/p>\n<p><strong>\u00abDie Welt ist nur \u00bbdies-und-das\u00ab oder \u00bbso-und-so\u00ab,<br \/>\nweil wir uns sagen, dass sie so sei.\u201c<\/strong><br \/>\n&#8211; Carlos Castaneda (Die Lehren des Don Juan)<\/p>\n<p>So kurz dieser Satz auch ist, so lang l\u00e4sst sich Inspiration daraus sch\u00f6pfen. W\u00e4hrend dem Menschen als Ganzes Beschr\u00e4nkungen gesetzt sind, bleiben Gedanken und Fantasie frei.<br \/>\nSo kann man nicht nur L\u00f6sungen finden, sondern auch ganze St\u00e4dte, L\u00e4nder oder auch Welten erschaffen.<\/p>\n","protected":false},"excerpt":{"rendered":"<p>Luis Feder Autor \u00abDie Welt ist nur \u00bbdies-und-das\u00ab oder \u00bbso-und-so\u00ab, weil wir uns sagen, dass sie so sei.\u201c &#8211; Carlos Castaneda (Die Lehren des Don Juan) So kurz dieser Satz auch ist, so lang l\u00e4sst sich Inspiration daraus sch\u00f6pfen. W\u00e4hrend dem Menschen als Ganzes Beschr\u00e4nkungen gesetzt sind, bleiben Gedanken und Fantasie frei. So kann man &hellip; <\/p>\n<p class=\"link-more\"><a href=\"https:\/\/luis-feder.de\/es\/ueber-mich\/\" class=\"more-link\">Continuar leyendo<span class=\"screen-reader-text\"> \u00ab\u00dcber mich\u00bb<\/span><\/a><\/p>\n","protected":false},"author":1,"featured_media":83,"parent":0,"menu_order":0,"comment_status":"closed","ping_status":"closed","template":"","meta":{"footnotes":""},"class_list":["post-9","page","type-page","status-publish","has-post-thumbnail","hentry"],"_links":{"self":[{"href":"https:\/\/luis-feder.de\/es\/wp-json\/wp\/v2\/pages\/9","targetHints":{"allow":["GET"]}}],"collection":[{"href":"https:\/\/luis-feder.de\/es\/wp-json\/wp\/v2\/pages"}],"about":[{"href":"https:\/\/luis-feder.de\/es\/wp-json\/wp\/v2\/types\/page"}],"author":[{"embeddable":true,"href":"https:\/\/luis-feder.de\/es\/wp-json\/wp\/v2\/users\/1"}],"replies":[{"embeddable":true,"href":"https:\/\/luis-feder.de\/es\/wp-json\/wp\/v2\/comments?post=9"}],"version-history":[{"count":6,"href":"https:\/\/luis-feder.de\/es\/wp-json\/wp\/v2\/pages\/9\/revisions"}],"predecessor-version":[{"id":256,"href":"https:\/\/luis-feder.de\/es\/wp-json\/wp\/v2\/pages\/9\/revisions\/256"}],"wp:featuredmedia":[{"embeddable":true,"href":"https:\/\/luis-feder.de\/es\/wp-json\/wp\/v2\/media\/83"}],"wp:attachment":[{"href":"https:\/\/luis-feder.de\/es\/wp-json\/wp\/v2\/media?parent=9"}],"curies":[{"name":"wp","href":"https:\/\/api.w.org\/{rel}","templated":true}]}}